{"id":2,"date":"2022-05-10T10:17:40","date_gmt":"2022-05-10T07:17:40","guid":{"rendered":"https:\/\/visitoulufi.test.cchosting.fi\/?page_id=2"},"modified":"2025-11-03T12:18:19","modified_gmt":"2025-11-03T10:18:19","slug":"esimerkkisivu","status":"publish","type":"page","link":"http:\/\/visitoulufi-2025-10-14_10_27_17.test.cchosting.fi\/en\/","title":{"rendered":"Tuukkon\u00e4\u00e4 to Oulu?"},"content":{"rendered":"<p>Welcome to Oulu, a relaxed northern city by the sea! Oulu is historically known as the tar-head city of the world and a bustling maritime centre. Today, Oulu is a vibrant university and technology city, and the winter cycling capital of the world, where no one is ever in a hurry to get anywhere. Oulu is a place for creativity and new experiences: in summer, air guitars are played on Rotuaar for world peace, and in winter, art and music are celebrated on the frozen sea. Oulu is also the future European Capital of Culture 2026, so come and fall in love with Oulu with us!<\/p>","protected":false},"excerpt":{"rendered":"<p>Tervetuloa Ouluun, leppoisaan pohjoisen kaupunkiin meren \u00e4\u00e4rell\u00e4! Oulu&nbsp;on historiallisesti tunnettu maailman tervap\u00e4\u00e4kaupunkina ja vilkkaana merenkulun keskuksena. T\u00e4n\u00e4 p\u00e4iv\u00e4n\u00e4 Oulu on el\u00e4v\u00e4inen yliopisto- ja teknologiakaupunki, ja maailman talvipy\u00f6r\u00e4ilyn p\u00e4\u00e4kaupunki, jossa kenell\u00e4k\u00e4\u00e4n ei koskaan ole kiire mihink\u00e4\u00e4n. Oulussa on tilaa luovuudelle ja uusille kokemuksille: kes\u00e4ll\u00e4 soitetaan ilmakitaraa Rotuaarilla maailmanrauhan puolesta ja talvella vietet\u00e4\u00e4n taiteen ja musiikin juhlaa [&#8230;]<\/p>\n<p><a class=\"btn btn-secondary understrap-read-more-link\" href=\"http:\/\/visitoulufi-2025-10-14_10_27_17.test.cchosting.fi\/en\/\">Read More&#8230;<span class=\"screen-reader-text\"> from Tuukkon\u00e4\u00e4 Ouluun?<\/span><\/a><\/p>","protected":false},"author":1,"featured_media":12060,"parent":0,"menu_order":0,"comment_status":"closed","ping_status":"open","template":"","meta":{"_acf_changed":false,"content-type":"","footnotes":""},"coauthors":[160],"class_list":["post-2","page","type-page","status-publish","has-post-thumbnail","hentry"],"acf":[],"yoast_head":"<!-- This site is optimized with the Yoast SEO plugin v26.0 - https:\/\/yoast.com\/wordpress\/plugins\/seo\/ -->\n<title>Tuukkon\u00e4\u00e4 Ouluun? - Visit Oulu<\/title>\n<meta name=\"description\" content=\"Parhaat vinkit Ouluun! Oulun kiinnostavimmat tapahtumat, ravintolat, majoitusvaihtoehdot ja aktiviteetit.\" \/>\n<meta name=\"robots\" content=\"index, follow, max-snippet:-1, max-image-preview:large, max-video-preview:-1\" \/>\n<link rel=\"canonical\" href=\"https:\/\/visitoulufi-2025-10-14_10_27_17.test.cchosting.fi\/en\/\" \/>\n<meta property=\"og:locale\" content=\"en_US\" \/>\n<meta property=\"og:type\" content=\"article\" \/>\n<meta property=\"og:title\" content=\"Tuukkon\u00e4\u00e4 Ouluun? - Visit Oulu\" \/>\n<meta property=\"og:description\" content=\"Parhaat vinkit Ouluun! Oulun kiinnostavimmat tapahtumat, ravintolat, majoitusvaihtoehdot ja aktiviteetit.\" \/>\n<meta property=\"og:url\" content=\"https:\/\/visitoulufi-2025-10-14_10_27_17.test.cchosting.fi\/en\/\" \/>\n<meta property=\"og:site_name\" content=\"Visit Oulu\" \/>\n<meta property=\"article:modified_time\" content=\"2025-11-03T10:18:19+00:00\" \/>\n<meta property=\"og:image\" content=\"https:\/\/visitoulufi-2025-10-14_10_27_17.test.cchosting.fi\/wp-content\/uploads\/2025\/09\/Artikkelikuva-scaled.png\" \/>\n\t<meta property=\"og:image:width\" content=\"2560\" \/>\n\t<meta property=\"og:image:height\" content=\"1280\" \/>\n\t<meta property=\"og:image:type\" content=\"image\/png\" \/>\n<meta name=\"twitter:card\" content=\"summary_large_image\" \/>\n<meta name=\"twitter:label1\" content=\"Est. reading time\" \/>\n\t<meta name=\"twitter:data1\" content=\"8 minutes\" \/>\n\t<meta name=\"twitter:label2\" content=\"Written by\" \/>\n\t<meta name=\"twitter:data2\" content=\"juha\" \/>\n<script type=\"application\/ld+json\" class=\"yoast-schema-graph\">{\"@context\":\"https:\/\/schema.org\",\"@graph\":[{\"@type\":\"WebPage\",\"@id\":\"https:\/\/visitoulufi-2025-10-14_10_27_17.test.cchosting.fi\/\",\"url\":\"https:\/\/visitoulufi-2025-10-14_10_27_17.test.cchosting.fi\/\",\"name\":\"Tuukkon\u00e4\u00e4 Ouluun? - Visit Oulu\",\"isPartOf\":{\"@id\":\"https:\/\/visitoulufi-2025-10-14_10_27_17.test.cchosting.fi\/#website\"},\"primaryImageOfPage\":{\"@id\":\"https:\/\/visitoulufi-2025-10-14_10_27_17.test.cchosting.fi\/#primaryimage\"},\"image\":{\"@id\":\"https:\/\/visitoulufi-2025-10-14_10_27_17.test.cchosting.fi\/#primaryimage\"},\"thumbnailUrl\":\"https:\/\/visitoulufi-2025-10-14_10_27_17.test.cchosting.fi\/wp-content\/uploads\/2025\/09\/Artikkelikuva-scaled.png\",\"datePublished\":\"2022-05-10T07:17:40+00:00\",\"dateModified\":\"2025-11-03T10:18:19+00:00\",\"description\":\"Parhaat vinkit Ouluun! Oulun kiinnostavimmat tapahtumat, ravintolat, majoitusvaihtoehdot ja aktiviteetit.\",\"breadcrumb\":{\"@id\":\"https:\/\/visitoulufi-2025-10-14_10_27_17.test.cchosting.fi\/#breadcrumb\"},\"inLanguage\":\"en-US\",\"potentialAction\":[{\"@type\":\"ReadAction\",\"target\":[\"https:\/\/visitoulufi-2025-10-14_10_27_17.test.cchosting.fi\/\"]}]},{\"@type\":\"ImageObject\",\"inLanguage\":\"en-US\",\"@id\":\"https:\/\/visitoulufi-2025-10-14_10_27_17.test.cchosting.fi\/#primaryimage\",\"url\":\"https:\/\/visitoulufi-2025-10-14_10_27_17.test.cchosting.fi\/wp-content\/uploads\/2025\/09\/Artikkelikuva-scaled.png\",\"contentUrl\":\"https:\/\/visitoulufi-2025-10-14_10_27_17.test.cchosting.fi\/wp-content\/uploads\/2025\/09\/Artikkelikuva-scaled.png\",\"width\":2560,\"height\":1280},{\"@type\":\"BreadcrumbList\",\"@id\":\"https:\/\/visitoulufi-2025-10-14_10_27_17.test.cchosting.fi\/#breadcrumb\",\"itemListElement\":[{\"@type\":\"ListItem\",\"position\":1,\"name\":\"Etusivu\",\"item\":\"https:\/\/visitoulufi-2025-10-14_10_27_17.test.cchosting.fi\/\"},{\"@type\":\"ListItem\",\"position\":2,\"name\":\"Tuukkon\u00e4\u00e4 Ouluun?\"}]},{\"@type\":\"WebSite\",\"@id\":\"https:\/\/visitoulufi-2025-10-14_10_27_17.test.cchosting.fi\/#website\",\"url\":\"https:\/\/visitoulufi-2025-10-14_10_27_17.test.cchosting.fi\/\",\"name\":\"Visit Oulu\",\"description\":\"\",\"potentialAction\":[{\"@type\":\"SearchAction\",\"target\":{\"@type\":\"EntryPoint\",\"urlTemplate\":\"https:\/\/visitoulufi-2025-10-14_10_27_17.test.cchosting.fi\/?s={search_term_string}\"},\"query-input\":{\"@type\":\"PropertyValueSpecification\",\"valueRequired\":true,\"valueName\":\"search_term_string\"}}],\"inLanguage\":\"en-US\"}]}<\/script>\n<!-- \/ Yoast SEO plugin. -->","yoast_head_json":{"title":"Windy weather in Oulu? - Visit Oulu","description":"Best tips for Oulu! The most interesting events, restaurants, accommodation and activities in Oulu.","robots":{"index":"index","follow":"follow","max-snippet":"max-snippet:-1","max-image-preview":"max-image-preview:large","max-video-preview":"max-video-preview:-1"},"canonical":"https:\/\/visitoulufi-2025-10-14_10_27_17.test.cchosting.fi\/en\/","og_locale":"en_US","og_type":"article","og_title":"Tuukkon\u00e4\u00e4 Ouluun? - Visit Oulu","og_description":"Parhaat vinkit Ouluun! Oulun kiinnostavimmat tapahtumat, ravintolat, majoitusvaihtoehdot ja aktiviteetit.","og_url":"https:\/\/visitoulufi-2025-10-14_10_27_17.test.cchosting.fi\/en\/","og_site_name":"Visit Oulu","article_modified_time":"2025-11-03T10:18:19+00:00","og_image":[{"width":2560,"height":1280,"url":"https:\/\/visitoulufi-2025-10-14_10_27_17.test.cchosting.fi\/wp-content\/uploads\/2025\/09\/Artikkelikuva-scaled.png","type":"image\/png"}],"twitter_card":"summary_large_image","twitter_misc":{"Est. reading time":"8 minutes","Written by":"juha"},"schema":{"@context":"https:\/\/schema.org","@graph":[{"@type":"WebPage","@id":"https:\/\/visitoulufi-2025-10-14_10_27_17.test.cchosting.fi\/","url":"https:\/\/visitoulufi-2025-10-14_10_27_17.test.cchosting.fi\/","name":"Windy weather in Oulu? - Visit Oulu","isPartOf":{"@id":"https:\/\/visitoulufi-2025-10-14_10_27_17.test.cchosting.fi\/#website"},"primaryImageOfPage":{"@id":"https:\/\/visitoulufi-2025-10-14_10_27_17.test.cchosting.fi\/#primaryimage"},"image":{"@id":"https:\/\/visitoulufi-2025-10-14_10_27_17.test.cchosting.fi\/#primaryimage"},"thumbnailUrl":"https:\/\/visitoulufi-2025-10-14_10_27_17.test.cchosting.fi\/wp-content\/uploads\/2025\/09\/Artikkelikuva-scaled.png","datePublished":"2022-05-10T07:17:40+00:00","dateModified":"2025-11-03T10:18:19+00:00","description":"Best tips for Oulu! The most interesting events, restaurants, accommodation and activities in Oulu.","breadcrumb":{"@id":"https:\/\/visitoulufi-2025-10-14_10_27_17.test.cchosting.fi\/#breadcrumb"},"inLanguage":"en-US","potentialAction":[{"@type":"ReadAction","target":["https:\/\/visitoulufi-2025-10-14_10_27_17.test.cchosting.fi\/"]}]},{"@type":"ImageObject","inLanguage":"en-US","@id":"https:\/\/visitoulufi-2025-10-14_10_27_17.test.cchosting.fi\/#primaryimage","url":"https:\/\/visitoulufi-2025-10-14_10_27_17.test.cchosting.fi\/wp-content\/uploads\/2025\/09\/Artikkelikuva-scaled.png","contentUrl":"https:\/\/visitoulufi-2025-10-14_10_27_17.test.cchosting.fi\/wp-content\/uploads\/2025\/09\/Artikkelikuva-scaled.png","width":2560,"height":1280},{"@type":"BreadcrumbList","@id":"https:\/\/visitoulufi-2025-10-14_10_27_17.test.cchosting.fi\/#breadcrumb","itemListElement":[{"@type":"ListItem","position":1,"name":"Etusivu","item":"https:\/\/visitoulufi-2025-10-14_10_27_17.test.cchosting.fi\/"},{"@type":"ListItem","position":2,"name":"Tuukkon\u00e4\u00e4 Ouluun?"}]},{"@type":"WebSite","@id":"https:\/\/visitoulufi-2025-10-14_10_27_17.test.cchosting.fi\/#website","url":"https:\/\/visitoulufi-2025-10-14_10_27_17.test.cchosting.fi\/","name":"Visit Oulu","description":"","potentialAction":[{"@type":"SearchAction","target":{"@type":"EntryPoint","urlTemplate":"https:\/\/visitoulufi-2025-10-14_10_27_17.test.cchosting.fi\/?s={search_term_string}"},"query-input":{"@type":"PropertyValueSpecification","valueRequired":true,"valueName":"search_term_string"}}],"inLanguage":"en-US"}]}},"_links":{"self":[{"href":"http:\/\/visitoulufi-2025-10-14_10_27_17.test.cchosting.fi\/en\/wp-json\/wp\/v2\/pages\/2","targetHints":{"allow":["GET"]}}],"collection":[{"href":"http:\/\/visitoulufi-2025-10-14_10_27_17.test.cchosting.fi\/en\/wp-json\/wp\/v2\/pages"}],"about":[{"href":"http:\/\/visitoulufi-2025-10-14_10_27_17.test.cchosting.fi\/en\/wp-json\/wp\/v2\/types\/page"}],"author":[{"embeddable":true,"href":"http:\/\/visitoulufi-2025-10-14_10_27_17.test.cchosting.fi\/en\/wp-json\/wp\/v2\/users\/1"}],"replies":[{"embeddable":true,"href":"http:\/\/visitoulufi-2025-10-14_10_27_17.test.cchosting.fi\/en\/wp-json\/wp\/v2\/comments?post=2"}],"version-history":[{"count":562,"href":"http:\/\/visitoulufi-2025-10-14_10_27_17.test.cchosting.fi\/en\/wp-json\/wp\/v2\/pages\/2\/revisions"}],"predecessor-version":[{"id":12672,"href":"http:\/\/visitoulufi-2025-10-14_10_27_17.test.cchosting.fi\/en\/wp-json\/wp\/v2\/pages\/2\/revisions\/12672"}],"wp:featuredmedia":[{"embeddable":true,"href":"http:\/\/visitoulufi-2025-10-14_10_27_17.test.cchosting.fi\/en\/wp-json\/wp\/v2\/media\/12060"}],"wp:attachment":[{"href":"http:\/\/visitoulufi-2025-10-14_10_27_17.test.cchosting.fi\/en\/wp-json\/wp\/v2\/media?parent=2"}],"wp:term":[{"taxonomy":"author","embeddable":true,"href":"http:\/\/visitoulufi-2025-10-14_10_27_17.test.cchosting.fi\/en\/wp-json\/wp\/v2\/coauthors?post=2"}],"curies":[{"name":"wp","href":"https:\/\/api.w.org\/{rel}","templated":true}]}}